{"id":12,"date":"2021-12-23T13:49:59","date_gmt":"2021-12-23T13:49:59","guid":{"rendered":"https:\/\/zaz-arquitectos.com\/?page_id=12"},"modified":"2022-12-09T16:19:48","modified_gmt":"2022-12-09T16:19:48","slug":"estudio","status":"publish","type":"page","link":"https:\/\/zaz-arquitectos.com\/index.php\/estudio\/","title":{"rendered":"ESTUDIO"},"content":{"rendered":"\t\t<div data-elementor-type=\"wp-page\" data-elementor-id=\"12\" class=\"elementor elementor-12\">\n\t\t\t\t\t\t\t\t\t<section class=\"elementor-section elementor-top-section elementor-element elementor-element-dea330e elementor-reverse-mobile elementor-section-boxed elementor-section-height-default elementor-section-height-default\" data-id=\"dea330e\" data-element_type=\"section\">\n\t\t\t\t\t\t<div class=\"elementor-container elementor-column-gap-default\">\n\t\t\t\t\t<div class=\"elementor-column elementor-col-50 elementor-top-column elementor-element elementor-element-7a1bcd7\" data-id=\"7a1bcd7\" data-element_type=\"column\">\n\t\t\t<div class=\"elementor-widget-wrap elementor-element-populated\">\n\t\t\t\t\t\t\t\t<div class=\"elementor-element elementor-element-d50a121 elementor-widget elementor-widget-text-editor\" data-id=\"d50a121\" data-element_type=\"widget\" data-widget_type=\"text-editor.default\">\n\t\t\t\t<div class=\"elementor-widget-container\">\n\t\t\t<style>\/*! elementor - v3.12.2 - 23-04-2023 *\/\n.elementor-widget-text-editor.elementor-drop-cap-view-stacked .elementor-drop-cap{background-color:#69727d;color:#fff}.elementor-widget-text-editor.elementor-drop-cap-view-framed .elementor-drop-cap{color:#69727d;border:3px solid;background-color:transparent}.elementor-widget-text-editor:not(.elementor-drop-cap-view-default) .elementor-drop-cap{margin-top:8px}.elementor-widget-text-editor:not(.elementor-drop-cap-view-default) .elementor-drop-cap-letter{width:1em;height:1em}.elementor-widget-text-editor .elementor-drop-cap{float:left;text-align:center;line-height:1;font-size:50px}.elementor-widget-text-editor .elementor-drop-cap-letter{display:inline-block}<\/style>\t\t\t\t<p>Movimiento. Nada es azaroso. Todo tiene un por qu\u00e9. Las l\u00edneas que recorren el espacio comunican, ordenan, iluminan. Te hacen sentir. De eso se trata.<\/p><p>Nuestro proceso comienza con la identificaci\u00f3n de los criterios clave: \u00bfCu\u00e1l es la mayor amenaza?, \u00bfCu\u00e1l es el mayor potencial? \u00bfC\u00f3mo respondemos a ello?<\/p><p>En lugar de prejuicios est\u00e9ticos o estil\u00edsticos arbitrarios, todas nuestras decisiones se basan en informaci\u00f3n espec\u00edfica del proyecto y tienen un objetivo claro.<\/p><p>Hacemos dise\u00f1o estrat\u00e9gico basado en informaci\u00f3n.<\/p><p>ZAZ arquitectos<\/p>\t\t\t\t\t\t<\/div>\n\t\t\t\t<\/div>\n\t\t\t\t\t<\/div>\n\t\t<\/div>\n\t\t\t\t<div class=\"elementor-column elementor-col-50 elementor-top-column elementor-element elementor-element-11d84d6\" data-id=\"11d84d6\" data-element_type=\"column\">\n\t\t\t<div class=\"elementor-widget-wrap elementor-element-populated\">\n\t\t\t\t\t\t\t\t<div class=\"elementor-element elementor-element-9929459 elementor-widget elementor-widget-image\" data-id=\"9929459\" data-element_type=\"widget\" data-widget_type=\"image.default\">\n\t\t\t\t<div class=\"elementor-widget-container\">\n\t\t\t<style>\/*! elementor - v3.12.2 - 23-04-2023 *\/\n.elementor-widget-image{text-align:center}.elementor-widget-image a{display:inline-block}.elementor-widget-image a img[src$=\".svg\"]{width:48px}.elementor-widget-image img{vertical-align:middle;display:inline-block}<\/style>\t\t\t\t\t\t\t\t\t\t\t\t<img decoding=\"async\" width=\"768\" height=\"1024\" src=\"https:\/\/i0.wp.com\/zaz-arquitectos.com\/wp-content\/uploads\/2022\/08\/IMG_3882-3-min-min-scaled.jpg?fit=768%2C1024&amp;ssl=1\" class=\"attachment-large size-large wp-image-735\" alt=\"\" loading=\"lazy\" srcset=\"https:\/\/i0.wp.com\/zaz-arquitectos.com\/wp-content\/uploads\/2022\/08\/IMG_3882-3-min-min-scaled.jpg?w=1920&amp;ssl=1 1920w, https:\/\/i0.wp.com\/zaz-arquitectos.com\/wp-content\/uploads\/2022\/08\/IMG_3882-3-min-min-scaled.jpg?resize=225%2C300&amp;ssl=1 225w, https:\/\/i0.wp.com\/zaz-arquitectos.com\/wp-content\/uploads\/2022\/08\/IMG_3882-3-min-min-scaled.jpg?resize=768%2C1024&amp;ssl=1 768w\" sizes=\"(max-width: 768px) 100vw, 768px\" \/>\t\t\t\t\t\t\t\t\t\t\t\t\t\t\t<\/div>\n\t\t\t\t<\/div>\n\t\t\t\t\t<\/div>\n\t\t<\/div>\n\t\t\t\t\t\t\t<\/div>\n\t\t<\/section>\n\t\t\t\t\t\t\t<\/div>\n\t\t","protected":false},"excerpt":{"rendered":"<p>Movimiento. Nada es azaroso. Todo tiene un por qu\u00e9. Las l\u00edneas que recorren el espacio comunican, ordenan, iluminan. Te hacen sentir. De eso se trata. Nuestro proceso comienza con la identificaci\u00f3n de los criterios clave: \u00bfCu\u00e1l es la mayor amenaza?, \u00bfCu\u00e1l es el mayor potencial? \u00bfC\u00f3mo respondemos a ello? En lugar de prejuicios est\u00e9ticos o &hellip;<\/p>\n<p class=\"read-more\"> <a class=\"\" href=\"https:\/\/zaz-arquitectos.com\/index.php\/estudio\/\"> <span class=\"screen-reader-text\">ESTUDIO<\/span> Leer m\u00e1s &raquo;<\/a><\/p>\n","protected":false},"author":1,"featured_media":0,"parent":0,"menu_order":0,"comment_status":"closed","ping_status":"closed","template":"","meta":{"_mi_skip_tracking":false,"site-sidebar-layout":"no-sidebar","site-content-layout":"page-builder","ast-main-header-display":"","ast-hfb-above-header-display":"","ast-hfb-below-header-display":"","ast-hfb-mobile-header-display":"","site-post-title":"disabled","ast-breadcrumbs-content":"","ast-featured-img":"disabled","footer-sml-layout":"","theme-transparent-header-meta":"","adv-header-id-meta":"","stick-header-meta":"","header-above-stick-meta":"","header-main-stick-meta":"","header-below-stick-meta":""},"_links":{"self":[{"href":"https:\/\/zaz-arquitectos.com\/index.php\/wp-json\/wp\/v2\/pages\/12"}],"collection":[{"href":"https:\/\/zaz-arquitectos.com\/index.php\/wp-json\/wp\/v2\/pages"}],"about":[{"href":"https:\/\/zaz-arquitectos.com\/index.php\/wp-json\/wp\/v2\/types\/page"}],"author":[{"embeddable":true,"href":"https:\/\/zaz-arquitectos.com\/index.php\/wp-json\/wp\/v2\/users\/1"}],"replies":[{"embeddable":true,"href":"https:\/\/zaz-arquitectos.com\/index.php\/wp-json\/wp\/v2\/comments?post=12"}],"version-history":[{"count":20,"href":"https:\/\/zaz-arquitectos.com\/index.php\/wp-json\/wp\/v2\/pages\/12\/revisions"}],"predecessor-version":[{"id":819,"href":"https:\/\/zaz-arquitectos.com\/index.php\/wp-json\/wp\/v2\/pages\/12\/revisions\/819"}],"wp:attachment":[{"href":"https:\/\/zaz-arquitectos.com\/index.php\/wp-json\/wp\/v2\/media?parent=12"}],"curies":[{"name":"wp","href":"https:\/\/api.w.org\/{rel}","templated":true}]}}